{"id":8846,"date":"2015-02-05T08:50:43","date_gmt":"2015-02-05T08:50:43","guid":{"rendered":"http:\/\/demo.vegatheme.com\/demeter\/?page_id=365"},"modified":"2019-12-24T15:49:28","modified_gmt":"2019-12-24T15:49:28","slug":"home-2","status":"publish","type":"page","link":"https:\/\/sigal.com.tr\/yeni\/","title":{"rendered":"Anasayfa"},"content":{"rendered":"<p>[vc_row css_animation=&#8221;none&#8221; extra_id=&#8221;home&#8221; fullwidth=&#8221;yes&#8221; wrap_class=&#8221;no&#8221;][vc_column]\t<div class=\"section home boxed-width \">\r\n\t\t<div class=\"parallax-home\"  style=\"background-image: url(https:\/\/sigal.com.tr\/yeni\/wp-content\/uploads\/2018\/09\/C8LNJdFX0AAC59t.jpg);\"  ><\/div>\t\r\n\t\t<div class=\"home-background-mask\"  style=\"background:#f9f9f9;opacity:0.77;\"  ><\/div>\t\t\r\n\t\t<div class=\"cd-intro\">\r\n\t\t\t<h1 class=\"cd-headline loading-bar\">\r\n\t\t\t\t<span>Uygarl\u0131\u011f\u0131m\u0131z\u0131n bile\u015fenleri:<\/span>\t\t\t\t\t\t\t\t\t<span class=\"cd-words-wrapper\"><b class=\"is-visible\">Havalimanlar\u0131\u00a0<\/b><b>Yollar\u00a0<\/b><b>\u015eehirler\u00a0<\/b><b>Oteller\u00a0<\/b><b>Hastaneler\u00a0<\/b><b>Fabrikalar<\/b><\/span>\r\n\t\t\t\t\t\t\t<\/h1>\r\n\t\t<\/div>\t\r\n\t\t<div class=\"small-intro\">M\u00fchendislik \u00e7\u00f6z\u00fcmlerimiz bu yap\u0131lara g\u00fcven sa\u011fl\u0131yor.<\/div>\t\t<a href=\"#about\" data-gal=\"m_PageScroll2id\" data-ps2id-offset=\"67\"><div class=\"scroll-down\"><span>&#xf175;<\/span> <\/div><\/a>\t<\/div>\r\n[\/vc_column][\/vc_row][vc_row css_animation=&#8221;slideInDown&#8221; fullwidth=&#8221;yes&#8221; css=&#8221;.vc_custom_1535999424410{background-color: #ffffff !important;}&#8221; wrap_class=&#8221;no&#8221;][vc_column parallax=&#8221;content-moving-fade&#8221; parallax_image=&#8221;8965&#8243;]\t\r\n\t<div class=\"cd-single-item\">\r\n\t\t<div class=\"cd-slider-wrapper\">\r\n\t\t\t<ul class=\"cd-slider\">\r\n\t\t\t\t\r\n\t\t\t\t<li  class=\"selected\"><img decoding=\"async\" src=\"https:\/\/sigal.com.tr\/yeni\/wp-content\/uploads\/2019\/01\/IGA_2018-12-20-0005.jpg\" alt=\"\"><\/li>\r\n\r\n\t\t\t\t\r\n\t\t\t\t<li ><img decoding=\"async\" src=\"https:\/\/sigal.com.tr\/yeni\/wp-content\/uploads\/2018\/09\/iga_havalimani_aci_002.jpg\" alt=\"\"><\/li>\r\n\r\n\t\t\t\t\t\t\t<\/ul> <!-- cd-slider -->\r\n\r\n\t\t\t<ul class=\"cd-slider-navigation\">\r\n\t\t\t\t<li><a href=\"#0\" class=\"cd-prev inactive\">Next<\/a><\/li>\r\n\t\t\t\t<li><a href=\"#0\" class=\"cd-next\">Prev<\/a><\/li>\r\n\t\t\t<\/ul> <!-- cd-slider-navigation -->\r\n\r\n\t\t\t<a href=\"#0\" class=\"cd-close\">Close<\/a>\r\n\t\t<\/div> <!-- cd-slider-wrapper -->\r\n\r\n\t\t<div class=\"cd-item-info\">\t\t\r\n\t\t\t<\/p>\n<h5>G\u00fcncel projemizi\u00a0 inceleyin:<\/h5>\n<p><strong>\u0130stanbul New Airport Project<\/strong> &#8211;<em> \u0130GA<\/em><\/p>\n<p>&nbsp;<\/p>\n<p><strong>Proje Bilgileri: <\/strong><\/p>\n<p>3 Pist (Faz 1B) \u2013 90 Milyon Yolcu (Faz 1B) \u2013 7.700 Hektar Alan<\/p>\n<p>&nbsp;<\/p>\n<p><strong>S\u0130GAL&#8217;in Bitirdi\u011fi \u0130\u015fler:<\/strong><\/p>\n<p><em>4.800.000 m2<\/em> 3D Y\u00fczey Modelleme (BIM) \u2013 Disiplinleraras\u0131 Koordinasyon \u2013 <em>58.200 m<\/em> Yol (BIM) \u2013 K\u00f6pr\u00fcler \u2013 Kav\u015faklar \u2013 <em>9.300 m<\/em> T\u00fcnel \u2013 <em>10.000 m<\/em> Tesisat Galerileri \u2013 At\u0131ksu \u015eebekesi \u2013 Ya\u011fmursuyu \u015eebekesi \u2013 \u0130\u00e7mesuyu, Yang\u0131n, Sulama \u015eebekeleri \u2013 S\u00fcperpoze Altyap\u0131 Planlama \u2013 22 Binan\u0131n Mimari ve Statik Tasar\u0131m\u0131 \u2013 48 Binan\u0131n Parsel Altyap\u0131 \u00c7\u00f6z\u00fcm\u00fc<\/p>\n<div class=\"specifications\">\u00a0<\/div>\n<p>\t\t\t\r\n\t\t<\/div> <!-- cd-item-info -->\r\n\t<\/div> <!-- cd-single-item -->\t\r\n\r\n[\/vc_column][\/vc_row][vc_row css_animation=&#8221;fadeInUp&#8221; extra_id=&#8221;about&#8221; ses_title=&#8221;Hakk\u0131m\u0131zda&#8221; wrap_class=&#8221;no&#8221; css=&#8221;.vc_custom_1535999466921{padding-top: 110px !important;padding-bottom: 130px !important;background-color: #f7f7f7 !important;}&#8221;][vc_column]\t\r\n\t<div class=\"about-carousel-wrap\">\t\t\t\t\t\t\r\n\t\t<div id=\"sync1\" class=\"owl-carousel\">\r\n\t\t\t\t\r\n\t\t\t<div class=\"item\">\r\n\t\t\t\t<p>Kurucumuz Koray G\u00dcNER\u0130 1991 y\u0131l\u0131nda profesyonel altyap\u0131 \u00e7\u00f6z\u00fcmleri geli\u015ftirmek amac\u0131yla Sigal M\u00fchendislik&#8217;i kurdu. \u00dclkemizi s\u00fcperpoze altyap\u0131 projesiyle tan\u0131\u015ft\u0131rd\u0131. Yerli ve yabanc\u0131 standartlara uygun \u00e7\u00f6z\u00fcmler sayesinde yap\u0131lar\u0131n sorunsuz ve uzun \u00f6m\u00fcrl\u00fc olmas\u0131 vizyonumuzu belirledi.<\/p>\n\t\t\t<\/div>\r\n\t\t\t\r\n\t\t\t<div class=\"item\">\r\n\t\t\t\t<p class=\"p1\">Avrupa, Asya ve Afrika k\u0131talar\u0131nda projeler tamamlam\u0131\u015f firmam\u0131z; SNIP, EU, ASCE, \u0130ller Bankas\u0131, DS\u0130, \u0130SK\u0130 standartlar\u0131na uygun \u00e7al\u0131\u015fmalar sunar.<\/p>\n<p class=\"p1\">Ayr\u0131nt\u0131lar\u0131yla d\u00fc\u015f\u00fcn\u00fclm\u00fc\u015f bir projenin in\u015faat\u0131 h\u0131zland\u0131rd\u0131\u011f\u0131n\u0131, b\u00fct\u00e7esel tasarruflar yaratt\u0131\u011f\u0131n\u0131 biliyoruz. Bitirdi\u011fimiz t\u00fcm projelerde birlikte \u00e7al\u0131\u015ft\u0131\u011f\u0131m\u0131z ekiplerin takdirini kazand\u0131k. Ayn\u0131 ama\u00e7 ve kararl\u0131l\u0131kla projelere de\u011fer katma yolumuzda ilerliyoruz.<\/p>\n\t\t\t<\/div>\r\n\t\t\t\r\n\t\t\t<div class=\"item\">\r\n\t\t\t\t<p class=\"p1\">S\u0130GAL M\u00fchendislik altyap\u0131 \u2013 \u00fcstyap\u0131 m\u00fchendisli\u011fi hizmeti verir.<\/p>\n<p class=\"p1\">1991 y\u0131l\u0131ndan bu yana d\u00fcnyada insan ya\u015fam\u0131na de\u011fer katan mega projelere dahil olduk. Bu misyonumuz do\u011frultusunda teknolojiyi takip eden, i\u015fverenin ihtiya\u00e7lar\u0131n\u0131 anlamaya odakl\u0131 ve saha ekiplerinin ya\u015fayabilece\u011fi t\u00fcm sorunlara destek verebilen bir ekip ile yan\u0131n\u0131zday\u0131z.<\/p>\n<p class=\"p1\">\n\t\t\t<\/div>\r\n\t\t \r\n\t\t<\/div>\r\n\r\n\t\t<div id=\"sync2\" class=\"owl-carousel\">\r\n\t\t\t\t\t\t<div class=\"item\">\r\n\t\t\t\t<div class=\"line\"><\/div>\r\n\t\t\t\t<div class=\"line-ver\"><\/div>\r\n\t\t\t\t<div class=\"point-item \"><\/div>\r\n\t\t\t\t<p>Kurucumuz<\/p>\t\r\n\t\t\t<\/div>\r\n\t\t\t\t\t\t<div class=\"item\">\r\n\t\t\t\t<div class=\"line\"><\/div>\r\n\t\t\t\t<div class=\"line-ver\"><\/div>\r\n\t\t\t\t<div class=\"point-item \"><\/div>\r\n\t\t\t\t<p>Strateji<\/p>\t\r\n\t\t\t<\/div>\r\n\t\t\t\t\t\t<div class=\"item\">\r\n\t\t\t\t<div class=\"line\"><\/div>\r\n\t\t\t\t<div class=\"line-ver\"><\/div>\r\n\t\t\t\t<div class=\"point-item \"><\/div>\r\n\t\t\t\t<p>M\u00fchendislik<\/p>\t\r\n\t\t\t<\/div>\r\n\t\t\t \r\n\t\t<\/div>\t\t\t\t\t\t\t\r\n\t<\/div>\t\r\n\r\n\t[vc_btn title=&#8221;Devam\u0131n\u0131 G\u00f6r&#8221; style=&#8221;outline-custom&#8221; outline_custom_color=&#8221;#239093&#8243; outline_custom_hover_background=&#8221;rgba(86,201,180,0.4)&#8221; outline_custom_hover_text=&#8221;#0096c4&#8243; size=&#8221;lg&#8221; align=&#8221;center&#8221; css_animation=&#8221;fadeInRight&#8221; link=&#8221;url:http%3A%2F%2Fsigal.com.tr%2Fyeni%2Fhakkimizda|||&#8221; css=&#8221;.vc_custom_1547717965742{margin-top: 25px !important;}&#8221;][\/vc_column][\/vc_row][vc_row css_animation=&#8221;none&#8221; extra_id=&#8221;\u00c7\u00f6z\u00fcmlermiz&#8221; ses_title=&#8221;H\u0130ZMETLER&#8221; overlay_color=&#8221;#4c4c4c&#8221; css=&#8221;.vc_custom_1536840175454{padding-top: 110px !important;padding-right: 110px !important;padding-bottom: 110px !important;padding-left: 110px !important;background-color: #f7f7f7 !important;background-position: center !important;background-repeat: no-repeat !important;background-size: cover !important;}&#8221;][vc_column width=&#8221;1\/2&#8243;]\r\n\t<div class=\"services-box\" data-scroll-reveal=\"enter bottom move 100px over 0.6s after 0.2s\">\r\n\t\t<div class=\"services-item white-background\">\r\n\t\t\t<div class=\"icon-services \">\r\n\t\t\t\t<div class=\"glyph-icon flaticon-locator4\"><\/div>\r\n\t\t\t<\/div>\r\n\t\t\t<h6>Yol Tasar\u0131m\u0131 (BIM \u2013 3D)<\/h6>\t\t\t<p><\/p>\r\n\t\t<\/div>\r\n\t<\/div>\r\n\r\n\r\n\t<div class=\"services-box\" data-scroll-reveal=\"enter bottom move 100px over 0.6s after 0.2s\">\r\n\t\t<div class=\"services-item white-background\">\r\n\t\t\t<div class=\"icon-services \">\r\n\t\t\t\t<div class=\"glyph-icon flaticon-umbrella9\"><\/div>\r\n\t\t\t<\/div>\r\n\t\t\t<h6>Altyap\u0131 \u015eebekeleri (BIM \u2013 3D)<\/h6>\t\t\t<p><\/p>\r\n\t\t<\/div>\r\n\t<\/div>\r\n\r\n\r\n\t<div class=\"services-box\" data-scroll-reveal=\"enter bottom move 100px over 0.6s after 0.2s\">\r\n\t\t<div class=\"services-item white-background\">\r\n\t\t\t<div class=\"icon-services \">\r\n\t\t\t\t<div class=\"glyph-icon flaticon-compass31\"><\/div>\r\n\t\t\t<\/div>\r\n\t\t\t<h6>3D Y\u00fczey Modelleme (BIM)<\/h6>\t\t\t<p><\/p>\r\n\t\t<\/div>\r\n\t<\/div>\r\n\r\n[vc_empty_space height=&#8221;15px&#8221;][\/vc_column][vc_column width=&#8221;1\/2&#8243;]\r\n\t<div class=\"services-box\" data-scroll-reveal=\"enter bottom move 100px over 0.6s after 0.2s\">\r\n\t\t<div class=\"services-item white-background\">\r\n\t\t\t<div class=\"icon-services \">\r\n\t\t\t\t<div class=\"glyph-icon flaticon-origami2\"><\/div>\r\n\t\t\t<\/div>\r\n\t\t\t<h6>Havaliman\u0131 Tasar\u0131m\u0131 (BIM)<\/h6>\t\t\t<p><\/p>\r\n\t\t<\/div>\r\n\t<\/div>\r\n\r\n\r\n\t<div class=\"services-box\" data-scroll-reveal=\"enter bottom move 100px over 0.6s after 0.2s\">\r\n\t\t<div class=\"services-item white-background\">\r\n\t\t\t<div class=\"icon-services \">\r\n\t\t\t\t<div class=\"glyph-icon flaticon-production2\"><\/div>\r\n\t\t\t<\/div>\r\n\t\t\t<h6>End\u00fcstriyel Bina Tasar\u0131m\u0131<\/h6>\t\t\t<p><\/p>\r\n\t\t<\/div>\r\n\t<\/div>\r\n\r\n\r\n\t<div class=\"services-box\" data-scroll-reveal=\"enter bottom move 100px over 0.6s after 0.2s\">\r\n\t\t<div class=\"services-item white-background\">\r\n\t\t\t<div class=\"icon-services \">\r\n\t\t\t\t<div class=\"glyph-icon flaticon-refresh32\"><\/div>\r\n\t\t\t<\/div>\r\n\t\t\t<h6>Bas\u0131n\u00e7l\u0131 Hatlar (BIM \u2013 3D)<\/h6>\t\t\t<p><\/p>\r\n\t\t<\/div>\r\n\t<\/div>\r\n\r\n[\/vc_column][vc_column css=&#8221;.vc_custom_1577190199487{margin-top: 24px !important;margin-bottom: 24px !important;border-top-width: 24px !important;border-bottom-width: 24px !important;padding-top: 24px !important;padding-bottom: 24px !important;border-radius: 15px !important;}&#8221;][vc_btn title=&#8221;T\u00fcm Hizmetlerimizi G\u00f6r\u00fcn&#8221; style=&#8221;outline-custom&#8221; outline_custom_color=&#8221;#239093&#8243; outline_custom_hover_background=&#8221;rgba(86,201,180,0.4)&#8221; outline_custom_hover_text=&#8221;#35a2c4&#8243; size=&#8221;lg&#8221; align=&#8221;center&#8221; css_animation=&#8221;fadeInRight&#8221; link=&#8221;url:http%3A%2F%2Fsigal.com.tr%2Fyeni%2Fhizmetlerimiz|||&#8221;][\/vc_column][\/vc_row][vc_row css_animation=&#8221;bounceInRight&#8221; extra_id=&#8221;work&#8221; ses_title=&#8221;PROJELER&#8221; fullwidth=&#8221;yes&#8221; css=&#8221;.vc_custom_1577178846852{padding-top: 90px !important;background-color: #ffffff !important;}&#8221;][vc_column]\r\n\t<div class=\"container\">\t\t\r\n\t\t<div class=\"clear\"><\/div>\r\n\t\t<div class=\"portfolio\"><\/div>\r\n\t\t<div class=\"expander-wrap relative\">\r\n\t\t\t<div id=\"expander-wrap\">\r\n\t\t\t\t<p class=\"cls-btn\"><a class=\"close\">X<\/a><\/p>\r\n\t\t\t\t<div class=\"expander-inner\"><\/div>\r\n\t\t\t<\/div>\r\n\t\t<\/div>\t\t\t\t\r\n\t\t<div class=\"clear\"><\/div>\r\n\t\t<div class=\"twelve columns\" data-scroll-reveal=\"enter bottom move 100px over 0.6s after 0.2s\">\r\n\t\t\t<div id=\"portfolio-filter\">\r\n\t\t\t\t<ul id=\"filter\">\r\n\t\t\t\t\t<li><a href=\"#\" class=\"current\" data-filter=\"*\" title=\"\">T\u00fcm\u00fc<\/a><\/li>\r\n\t\t\t\t\t\t\t\t\t\t<li><a href=\"#\" data-filter=\".global\">Global<\/a><\/li>\r\n\t\t\t\t\t\t\t\t\t\t<li><a href=\"#\" data-filter=\".turkiye\">T\u00fcrkiye<\/a><\/li>\r\n\t\t\t\t\t\t\t\t\t<\/ul>\r\n\t\t\t<\/div>\r\n\t\t<\/div>\t\r\n\t<\/div>\t\t\t\r\n\r\n\t<div id=\"projects-grid\" class=\"no-spaced-portfolio\" >\t\r\n\t\t\r\n\t\t\t\t<!-- No Spaced Portfolio Layout .nospacedlayout -->\t\t\t\t\r\n\t\t\t<a  href=\"https:\/\/sigal.com.tr\/yeni\/portfolio\/caykur-rize-iyidere-uretim-tesisleri\/\">\r\n\t\t\t\t<div class=\"portfolio-box-1 turkiye \">\r\n\t\t\t\t\t<div class=\"mask-1\"><\/div>\r\n\t\t\t\t\t\t\t\t\t\t<img decoding=\"async\" src=\"https:\/\/sigal.com.tr\/yeni\/wp-content\/uploads\/bfi_thumb\/caykuriyidere-3g1igfu815nwap7jgru51c.png\" alt=\"\u00c7aykur Rize \u0130yidere \u00dcretim Tesisleri\" \/>\r\n\t\t\t\t\t<h6>\u00c7aykur Rize \u0130yidere \u00dcretim Tesisleri<\/h6>\r\n\t\t\t\t\t<div class=\"line-mask\"><\/div>\r\n\t\t\t\t\t\t\r\n\t\t\t\t\t<p>Rize - T\u00fcrkiye<\/p>\t\t\t\t<\/div>\r\n\t\t\t<\/a>\r\n\t\t\t\r\n\r\n\t\t\r\n\t\t\t\t<!-- No Spaced Portfolio Layout .nospacedlayout -->\t\t\t\t\r\n\t\t\t<a  href=\"https:\/\/sigal.com.tr\/yeni\/portfolio\/beykoz-konaklari-2\/\">\r\n\t\t\t\t<div class=\"portfolio-box-1 turkiye \">\r\n\t\t\t\t\t<div class=\"mask-1\"><\/div>\r\n\t\t\t\t\t\t\t\t\t\t<img decoding=\"async\" src=\"https:\/\/sigal.com.tr\/yeni\/wp-content\/uploads\/bfi_thumb\/tepebeykozkonaklari-3g1ie61i8oob349zpuha80.jpg\" alt=\"Beykoz Konaklar\u0131\" \/>\r\n\t\t\t\t\t<h6>Beykoz Konaklar\u0131<\/h6>\r\n\t\t\t\t\t<div class=\"line-mask\"><\/div>\r\n\t\t\t\t\t\t\r\n\t\t\t\t\t<p>\u0130stanbul - T\u00fcrkiye<\/p>\t\t\t\t<\/div>\r\n\t\t\t<\/a>\r\n\t\t\t\r\n\r\n\t\t\r\n\t\t\t\t<!-- No Spaced Portfolio Layout .nospacedlayout -->\t\t\t\t\r\n\t\t\t<a  href=\"https:\/\/sigal.com.tr\/yeni\/portfolio\/atakoy-marina-alisveris-ve-yasam-merkezi\/\">\r\n\t\t\t\t<div class=\"portfolio-box-1 turkiye \">\r\n\t\t\t\t\t<div class=\"mask-1\"><\/div>\r\n\t\t\t\t\t\t\t\t\t\t<img decoding=\"async\" src=\"https:\/\/sigal.com.tr\/yeni\/wp-content\/uploads\/bfi_thumb\/atakoymarina-3g1i8vb0wjkgdh6l0vtxxc.png\" alt=\"Atak\u00f6y Marina Al\u0131\u015fveri\u015f ve Ya\u015fam Merkezi\" \/>\r\n\t\t\t\t\t<h6>Atak\u00f6y Marina Al\u0131\u015fveri\u015f ve Ya\u015fam Merkezi<\/h6>\r\n\t\t\t\t\t<div class=\"line-mask\"><\/div>\r\n\t\t\t\t\t\t\r\n\t\t\t\t\t<p>\u0130stanbul - T\u00fcrkiye<\/p>\t\t\t\t<\/div>\r\n\t\t\t<\/a>\r\n\t\t\t\r\n\r\n\t\t\r\n\t\t\t\t<!-- No Spaced Portfolio Layout .nospacedlayout -->\t\t\t\t\r\n\t\t\t<a  href=\"https:\/\/sigal.com.tr\/yeni\/portfolio\/vakif-gyo-maltepe-konutlari\/\">\r\n\t\t\t\t<div class=\"portfolio-box-1 turkiye \">\r\n\t\t\t\t\t<div class=\"mask-1\"><\/div>\r\n\t\t\t\t\t\t\t\t\t\t<img decoding=\"async\" src=\"https:\/\/sigal.com.tr\/yeni\/wp-content\/uploads\/bfi_thumb\/vakifgyomaltepe-3g1i1olec43q5l9iya5vcw.png\" alt=\"Vak\u0131f GYO Maltepe Konutlar\u0131\" \/>\r\n\t\t\t\t\t<h6>Vak\u0131f GYO Maltepe Konutlar\u0131<\/h6>\r\n\t\t\t\t\t<div class=\"line-mask\"><\/div>\r\n\t\t\t\t\t\t\r\n\t\t\t\t\t<p>\u0130stanbul - T\u00fcrkiye<\/p>\t\t\t\t<\/div>\r\n\t\t\t<\/a>\r\n\t\t\t\r\n\r\n\t\t\r\n\t\t\t\t<!-- No Spaced Portfolio Layout .nospacedlayout -->\t\t\t\t\r\n\t\t\t<a  href=\"https:\/\/sigal.com.tr\/yeni\/portfolio\/selcuklu-kongre-merkezi-2\/\">\r\n\t\t\t\t<div class=\"portfolio-box-1 turkiye \">\r\n\t\t\t\t\t<div class=\"mask-1\"><\/div>\r\n\t\t\t\t\t\t\t\t\t\t<img decoding=\"async\" src=\"https:\/\/sigal.com.tr\/yeni\/wp-content\/uploads\/bfi_thumb\/konya-3fqss4reefx5oaq69wgnpc.png\" alt=\"Sel\u00e7uklu Kongre Merkezi\" \/>\r\n\t\t\t\t\t<h6>Sel\u00e7uklu Kongre Merkezi<\/h6>\r\n\t\t\t\t\t<div class=\"line-mask\"><\/div>\r\n\t\t\t\t\t\t\r\n\t\t\t\t\t<p>Konya - T\u00fcrkiye<\/p>\t\t\t\t<\/div>\r\n\t\t\t<\/a>\r\n\t\t\t\r\n\r\n\t\t\r\n\t\t\t\t<!-- No Spaced Portfolio Layout .nospacedlayout -->\t\t\t\t\r\n\t\t\t<a  href=\"https:\/\/sigal.com.tr\/yeni\/portfolio\/pulkovo-rusya-uluslararasi-havalimani\/\">\r\n\t\t\t\t<div class=\"portfolio-box-1 global \">\r\n\t\t\t\t\t<div class=\"mask-1\"><\/div>\r\n\t\t\t\t\t\t\t\t\t\t<img decoding=\"async\" src=\"https:\/\/sigal.com.tr\/yeni\/wp-content\/uploads\/bfi_thumb\/Pulkovo-1-3e4gf4z85jycna74dwpiww.jpg\" alt=\"Pulkovo (Rusya) Uluslararas\u0131 Havaliman\u0131\" \/>\r\n\t\t\t\t\t<h6>Pulkovo (Rusya) Uluslararas\u0131 Havaliman\u0131<\/h6>\r\n\t\t\t\t\t<div class=\"line-mask\"><\/div>\r\n\t\t\t\t\t\t\r\n\t\t\t\t\t<p>Pulkovo - Rusya<\/p>\t\t\t\t<\/div>\r\n\t\t\t<\/a>\r\n\t\t\t\r\n\r\n\t\t\r\n\t\t\t\t<!-- No Spaced Portfolio Layout .nospacedlayout -->\t\t\t\t\r\n\t\t\t<a  href=\"https:\/\/sigal.com.tr\/yeni\/portfolio\/istanbul-uluslararasi-havalimani\/\">\r\n\t\t\t\t<div class=\"portfolio-box-1 turkiye \">\r\n\t\t\t\t\t<div class=\"mask-1\"><\/div>\r\n\t\t\t\t\t\t\t\t\t\t<img decoding=\"async\" src=\"https:\/\/sigal.com.tr\/yeni\/wp-content\/uploads\/bfi_thumb\/igaliman-3d3azu92srnokp6do3xs74.jpg\" alt=\"\u0130stanbul Yeni Uluslararas\u0131 Havaliman\u0131\" \/>\r\n\t\t\t\t\t<h6>\u0130stanbul Yeni Uluslararas\u0131 Havaliman\u0131<\/h6>\r\n\t\t\t\t\t<div class=\"line-mask\"><\/div>\r\n\t\t\t\t\t\t\r\n\t\t\t\t\t<p>\u0130stanbul - T\u00fcrkiye<\/p>\t\t\t\t<\/div>\r\n\t\t\t<\/a>\r\n\t\t\t\r\n\r\n\t\t\r\n\t\t\t\t<!-- No Spaced Portfolio Layout .nospacedlayout -->\t\t\t\t\r\n\t\t\t<a  href=\"https:\/\/sigal.com.tr\/yeni\/portfolio\/flame-towers\/\">\r\n\t\t\t\t<div class=\"portfolio-box-1 global \">\r\n\t\t\t\t\t<div class=\"mask-1\"><\/div>\r\n\t\t\t\t\t\t\t\t\t\t<img decoding=\"async\" src=\"https:\/\/sigal.com.tr\/yeni\/wp-content\/uploads\/bfi_thumb\/Flame-Towers_7-3a00pfa5zn4b7y13z6l24g.jpg\" alt=\"Flame Towers\" \/>\r\n\t\t\t\t\t<h6>Flame Towers<\/h6>\r\n\t\t\t\t\t<div class=\"line-mask\"><\/div>\r\n\t\t\t\t\t\t\r\n\t\t\t\t\t<p>Bak\u00fc - Azerbeycan<\/p>\t\t\t\t<\/div>\r\n\t\t\t<\/a>\r\n\t\t\t\r\n\r\n\t\t \r\n\t\t\t\t\t\t\t\r\n\t<\/div><!-- End Here -->\r\n\t\r\n[vc_empty_space][vc_btn title=&#8221;T\u00fcm Projelerimizi G\u00f6r\u00fcn&#8221; style=&#8221;outline-custom&#8221; outline_custom_color=&#8221;#239093&#8243; outline_custom_hover_background=&#8221;rgba(86,201,180,0.4)&#8221; outline_custom_hover_text=&#8221;#0096c4&#8243; size=&#8221;lg&#8221; align=&#8221;center&#8221; css_animation=&#8221;fadeInRight&#8221; link=&#8221;url:http%3A%2F%2Fsigal.com.tr%2Fyeni%2Fprojelerimiz|||&#8221; css=&#8221;.vc_custom_1548068220033{margin-bottom: 100px !important;}&#8221;][\/vc_column][\/vc_row][vc_row css_animation=&#8221;bounceInUp&#8221; extra_id=&#8221;contact&#8221; ses_sub_title=&#8221;Bize Ula\u015f\u0131n&#8230;&#8221; ses_title=&#8221;\u0130LET\u0130\u015e\u0130M&#8221; fullwidth=&#8221;yes&#8221; css=&#8221;.vc_custom_1535999536032{padding-top: 110px !important;padding-bottom: 90px !important;background-color: #ffffff !important;}&#8221;][vc_column]<div role=\"form\" class=\"wpcf7\" id=\"wpcf7-f9419-o1\" lang=\"en-US\" dir=\"ltr\">\n<div class=\"screen-reader-response\"><p role=\"status\" aria-live=\"polite\" aria-atomic=\"true\"><\/p> <ul><\/ul><\/div>\n<form action=\"\/yeni\/wp-json\/wp\/v2\/pages\/8846#wpcf7-f9419-o1\" method=\"post\" class=\"wpcf7-form init\" novalidate=\"novalidate\" data-status=\"init\">\n<div style=\"display: none;\">\n<input type=\"hidden\" name=\"_wpcf7\" value=\"9419\" \/>\n<input type=\"hidden\" name=\"_wpcf7_version\" value=\"5.3.2\" \/>\n<input type=\"hidden\" name=\"_wpcf7_locale\" value=\"en_US\" \/>\n<input type=\"hidden\" name=\"_wpcf7_unit_tag\" value=\"wpcf7-f9419-o1\" \/>\n<input type=\"hidden\" name=\"_wpcf7_container_post\" value=\"0\" \/>\n<input type=\"hidden\" name=\"_wpcf7_posted_data_hash\" value=\"\" \/>\n<\/div>\n<div class=\"container\">\n<div id=\"ajax-form\">\n<div class=\"clear\"><\/div>\n<\/div>\n<\/div>\n<div class=\"wpcf7-response-output\" aria-hidden=\"true\"><\/div><\/form><\/div>[\/vc_column][\/vc_row][vc_row css_animation=&#8221;flipInX&#8221; css=&#8221;.vc_custom_1535999545235{padding-bottom: 130px !important;background-color: #ffffff !important;}&#8221;][vc_column width=&#8221;1\/3&#8243;]\r\n\t<div class=\"contact-det\">\r\n\t\t<h6><i class=\"fa fa-envelope\"><\/i>Kurumsal e-mail<\/h6>\r\n\t\t<p><a href=\"mailto:sigal@sigal.com.tr\">sigal@sigal.com.tr<\/a><\/p>\r\n\t<\/div>\r\n\r\n[\/vc_column][vc_column width=&#8221;1\/3&#8243;]\r\n\t<div class=\"contact-det\">\r\n\t\t<h6><i class=\"fa fa-phone\"><\/i>Santral<\/h6>\r\n\t\t<p>Tel: (+90) 312 446 7767 (Pbx)<\/p>\n<p>Fax: (+90) 312 446 9909<\/p>\r\n\t<\/div>\r\n\r\n[\/vc_column][vc_column width=&#8221;1\/3&#8243;]\r\n\t<div class=\"contact-det\">\r\n\t\t<h6><i class=\"fa fa-envelope\"><\/i>Adres<\/h6>\r\n\t\t<p>Prof. Dr. Ahmet Taner K\u0131\u015flal\u0131<\/p>\n<p>Mahallesi, 2882. Sk. No:29<\/p>\n<p>\u00c7ankaya\/ANKARA<\/p>\r\n\t<\/div>\r\n\r\n[\/vc_column][\/vc_row][vc_row css_animation=&#8221;none&#8221; fullwidth=&#8221;yes&#8221;][vc_column][vc_gmaps link=&#8221;#E-8_JTNDaWZyYW1lJTIwc3JjJTNEJTIyaHR0cHMlM0ElMkYlMkZ3d3cuZ29vZ2xlLmNvbSUyRm1hcHMlMkZlbWJlZCUzRnBiJTNEJTIxMW0xNCUyMTFtOCUyMTFtMyUyMTFkMTUzMS4xMzEzMzEzNzg5Nzg1JTIxMmQzMi42NzU0NTElMjEzZDM5Ljg2ODM1NCUyMTNtMiUyMTFpMTAyNCUyMTJpNzY4JTIxNGYxMy4xJTIxM20zJTIxMW0yJTIxMXMweDE0ZDMzOGQ1MmQzMTA2ODMlMjUzQTB4ZmRlYzI3NjIwZTc2YWRiMCUyMTJzUHJvZi4lMkJEci4lMkJBaG1ldCUyQlRhbmVyJTJCSyUyNUM0JTI1QjElMjVDNSUyNTlGbGFsJTI1QzQlMjVCMSUyQk1haGFsbGVzaSUyNTJDJTJCMjg4Mi4lMkJTay4lMkJObyUyNTNBMjklMjUyQyUyQjA2ODEwJTJCWWVuaW1haGFsbGUlMjUyRkFua2FyYSUyMTVlMCUyMTNtMiUyMTFzdHIlMjEyc3RyJTIxNHYxNTM2MDU1MDU1MDk4JTIyJTIwd2lkdGglM0QlMjI2MDAlMjIlMjBoZWlnaHQlM0QlMjI0NTAlMjIlMjBmcmFtZWJvcmRlciUzRCUyMjAlMjIlMjBzdHlsZSUzRCUyMmJvcmRlciUzQTAlMjIlMjBhbGxvd2Z1bGxzY3JlZW4lM0UlM0MlMkZpZnJhbWUlM0U=&#8221;][\/vc_column][\/vc_row]<\/p>\n","protected":false},"excerpt":{"rendered":"<p>[vc_row css_animation=&#8221;none&#8221; extra_id=&#8221;home&#8221; fullwidth=&#8221;yes&#8221; wrap_class=&#8221;no&#8221;][vc_column][\/vc_column][\/vc_row][vc_row css_animation=&#8221;slideInDown&#8221; fullwidth=&#8221;yes&#8221; css=&#8221;.vc_custom_1535999424410{background-color: #ffffff !important;}&#8221; wrap_class=&#8221;no&#8221;][vc_column parallax=&#8221;content-moving-fade&#8221; parallax_image=&#8221;8965&#8243;][\/vc_column][\/vc_row][vc_row css_animation=&#8221;fadeInUp&#8221; extra_id=&#8221;about&#8221; ses_title=&#8221;Hakk\u0131m\u0131zda&#8221; wrap_class=&#8221;no&#8221; css=&#8221;.vc_custom_1535999466921{padding-top: 110px !important;padding-bottom: 130px !important;background-color: #f7f7f7 !important;}&#8221;][vc_column][vc_btn title=&#8221;Devam\u0131n\u0131 G\u00f6r&#8221; style=&#8221;outline-custom&#8221; outline_custom_color=&#8221;#239093&#8243; outline_custom_hover_background=&#8221;rgba(86,201,180,0.4)&#8221; outline_custom_hover_text=&#8221;#0096c4&#8243; size=&#8221;lg&#8221; align=&#8221;center&#8221; css_animation=&#8221;fadeInRight&#8221; link=&#8221;url:http%3A%2F%2Fsigal.com.tr%2Fyeni%2Fhakkimizda|||&#8221; css=&#8221;.vc_custom_1547717965742{margin-top: 25px !important;}&#8221;][\/vc_column][\/vc_row][vc_row css_animation=&#8221;none&#8221; extra_id=&#8221;\u00c7\u00f6z\u00fcmlermiz&#8221; ses_title=&#8221;H\u0130ZMETLER&#8221; overlay_color=&#8221;#4c4c4c&#8221; css=&#8221;.vc_custom_1536840175454{padding-top: 110px !important;padding-right: 110px !important;padding-bottom: 110px !important;padding-left: 110px !important;background-color: #f7f7f7 !important;background-position: center !important;background-repeat: no-repeat [&hellip;]<\/p>\n","protected":false},"author":1,"featured_media":0,"parent":0,"menu_order":0,"comment_status":"open","ping_status":"open","template":"page-templates\/template-canvas.php","meta":{"footnotes":""},"class_list":["post-8846","page","type-page","status-publish","hentry"],"_links":{"self":[{"href":"https:\/\/sigal.com.tr\/yeni\/wp-json\/wp\/v2\/pages\/8846","targetHints":{"allow":["GET"]}}],"collection":[{"href":"https:\/\/sigal.com.tr\/yeni\/wp-json\/wp\/v2\/pages"}],"about":[{"href":"https:\/\/sigal.com.tr\/yeni\/wp-json\/wp\/v2\/types\/page"}],"author":[{"embeddable":true,"href":"https:\/\/sigal.com.tr\/yeni\/wp-json\/wp\/v2\/users\/1"}],"replies":[{"embeddable":true,"href":"https:\/\/sigal.com.tr\/yeni\/wp-json\/wp\/v2\/comments?post=8846"}],"version-history":[{"count":159,"href":"https:\/\/sigal.com.tr\/yeni\/wp-json\/wp\/v2\/pages\/8846\/revisions"}],"predecessor-version":[{"id":9876,"href":"https:\/\/sigal.com.tr\/yeni\/wp-json\/wp\/v2\/pages\/8846\/revisions\/9876"}],"wp:attachment":[{"href":"https:\/\/sigal.com.tr\/yeni\/wp-json\/wp\/v2\/media?parent=8846"}],"curies":[{"name":"wp","href":"https:\/\/api.w.org\/{rel}","templated":true}]}}